{"id":167,"date":"2025-05-29T14:18:13","date_gmt":"2025-05-29T14:18:13","guid":{"rendered":"https:\/\/lustrous-layla-w6j.zipwp.link\/?page_id=167"},"modified":"2025-10-18T19:14:25","modified_gmt":"2025-10-18T19:14:25","slug":"offerings","status":"publish","type":"page","link":"https:\/\/ascumefu.org\/ascumefunew\/offerings\/","title":{"rendered":"Offerings"},"content":{"rendered":"\n<div class=\"wp-block-uagb-container uagb-block-6803eae3 alignfull uagb-is-root-container\"><div class=\"uagb-container-inner-blocks-wrap\">\n<div class=\"wp-block-uagb-image uagb-block-211e36a3 wp-block-uagb-image--layout-default wp-block-uagb-image--effect-static wp-block-uagb-image--align-none\"><figure class=\"wp-block-uagb-image__figure\"><img decoding=\"async\" srcset=\"https:\/\/ascumefu.org\/ascumefunew\/wp-content\/uploads\/2025\/10\/ChatGPT-Image-18-oct-2025-11_45_57-1024x683.png ,https:\/\/ascumefu.org\/ascumefunew\/wp-content\/uploads\/2025\/10\/ChatGPT-Image-18-oct-2025-11_45_57.png 780w, https:\/\/ascumefu.org\/ascumefunew\/wp-content\/uploads\/2025\/10\/ChatGPT-Image-18-oct-2025-11_45_57.png 360w\" sizes=\"auto, (max-width: 480px) 150px\" src=\"https:\/\/ascumefu.org\/ascumefunew\/wp-content\/uploads\/2025\/10\/ChatGPT-Image-18-oct-2025-11_45_57-1024x683.png\" alt=\"\" class=\"uag-image-1634\" width=\"733\" height=\"396\" title=\"ChatGPT Image 18 oct 2025, 11_45_57\" loading=\"lazy\" role=\"img\"\/><\/figure><\/div>\n<\/div><\/div>\n\n\n\n<div class=\"wp-block-uagb-container uagb-block-623363c6 alignfull uagb-is-root-container\"><div class=\"uagb-container-inner-blocks-wrap\">\n<div class=\"wp-block-uagb-info-box uagb-block-3801b6ed uagb-infobox__content-wrap  uagb-infobox-icon-above-title uagb-infobox-image-valign-top\"><div class=\"uagb-ifb-content\"><div class=\"uagb-ifb-title-wrap\"><h2 class=\"uagb-ifb-title\">Soluciones para el Futuro<\/h2><\/div><p class=\"uagb-ifb-desc\">Explora c\u00f3mo nuestras iniciativas benefician a las familias campesinas y a la comunidad en su conjunto.<\/p><\/div><\/div>\n\n\n\n<div class=\"wp-block-uagb-container uagb-block-e91230d3\">\n<div class=\"wp-block-uagb-container uagb-block-b46395ef\">\n<figure class=\"wp-block-image size-large alignleft\"><img loading=\"lazy\" decoding=\"async\" width=\"1024\" height=\"768\" src=\"https:\/\/ascumefu.org\/ascumefunew\/wp-content\/uploads\/2025\/10\/WhatsApp-Image-2025-10-18-at-12.09.32-PM-1-1024x768.jpeg\" alt=\"\" class=\"wp-image-1644\" srcset=\"https:\/\/ascumefu.org\/ascumefunew\/wp-content\/uploads\/2025\/10\/WhatsApp-Image-2025-10-18-at-12.09.32-PM-1-1024x768.jpeg 1024w, https:\/\/ascumefu.org\/ascumefunew\/wp-content\/uploads\/2025\/10\/WhatsApp-Image-2025-10-18-at-12.09.32-PM-1-300x225.jpeg 300w, https:\/\/ascumefu.org\/ascumefunew\/wp-content\/uploads\/2025\/10\/WhatsApp-Image-2025-10-18-at-12.09.32-PM-1-768x576.jpeg 768w, https:\/\/ascumefu.org\/ascumefunew\/wp-content\/uploads\/2025\/10\/WhatsApp-Image-2025-10-18-at-12.09.32-PM-1.jpeg 1040w\" sizes=\"auto, (max-width: 1024px) 100vw, 1024px\" \/><\/figure>\n<\/div>\n\n\n\n<div class=\"wp-block-uagb-container uagb-block-7621abb2\">\n<div class=\"wp-block-uagb-info-box uagb-block-f3d2d6b2 uagb-infobox__content-wrap  uagb-infobox-icon-above-title uagb-infobox-image-valign-top\"><div class=\"uagb-ifb-content\"><div class=\"uagb-ifb-title-wrap\"><span class=\"uagb-ifb-title-prefix\">01<\/span><h3 class=\"uagb-ifb-title\">Transformando Vidas<\/h3><\/div><p class=\"uagb-ifb-desc\">Estamos gestionando tierras para materializar nuestro derecho constitucional a la tierra como campesinos de Montel\u00edbano, C\u00f3rdoba.<br><\/p><div class=\"uagb-ifb-button-wrapper wp-block-button\"><a href=\"\/ascumefunew\/contact\/\" class=\"uagb-infobox-cta-link wp-block-button__link\" target=\"_self\" rel=\"noopener noreferrer\" onclick=\"return true;\"><span class=\"uagb-inline-editing\">Comenzar<\/span><\/a><\/div><\/div><\/div>\n<\/div>\n<\/div>\n\n\n\n<div class=\"wp-block-uagb-container uagb-block-3893b8aa\">\n<div class=\"wp-block-uagb-container uagb-block-b02b419f\">\n<div class=\"wp-block-uagb-image alignright uagb-block-2622f629 wp-block-uagb-image--layout-default wp-block-uagb-image--effect-static wp-block-uagb-image--align-right\"><figure class=\"wp-block-uagb-image__figure\"><img decoding=\"async\" srcset=\"https:\/\/ascumefu.org\/ascumefunew\/wp-content\/uploads\/2025\/05\/woman-carrying-bag-with-cane-in-field-6026441.jpeg ,https:\/\/ascumefu.org\/ascumefunew\/wp-content\/uploads\/2025\/05\/woman-carrying-bag-with-cane-in-field-6026441.jpeg 780w, https:\/\/ascumefu.org\/ascumefunew\/wp-content\/uploads\/2025\/05\/woman-carrying-bag-with-cane-in-field-6026441.jpeg 360w\" sizes=\"auto, (max-width: 480px) 150px\" src=\"https:\/\/ascumefu.org\/ascumefunew\/wp-content\/uploads\/2025\/05\/woman-carrying-bag-with-cane-in-field-6026441.jpeg\" alt=\"\" class=\"uag-image-1610\" width=\"560\" height=\"500\" title=\"\" loading=\"lazy\" role=\"img\"\/><\/figure><\/div>\n<\/div>\n\n\n\n<div class=\"wp-block-uagb-container uagb-block-862a6668\">\n<div class=\"wp-block-uagb-info-box uagb-block-411c16f4 uagb-infobox__content-wrap  uagb-infobox-icon-above-title uagb-infobox-image-valign-top\"><div class=\"uagb-ifb-content\"><div class=\"uagb-ifb-title-wrap\"><span class=\"uagb-ifb-title-prefix\">02<\/span><h3 class=\"uagb-ifb-title\">Agricultura<\/h3><\/div><p class=\"uagb-ifb-desc\">Implementaremos modelos agrosostenibles de ma\u00edz y arroz que protegen el medio ambiente, conservan suelos, protegen fuentes h\u00eddricas y garantizan viabilidad productiva a largo plazo.<\/p><div class=\"uagb-ifb-button-wrapper wp-block-button\"><a href=\"\/ascumefunew\/contact\/\" class=\"uagb-infobox-cta-link wp-block-button__link\" target=\"_self\" rel=\"noopener noreferrer\" onclick=\"return true;\"><span class=\"uagb-inline-editing\">Comenzar<\/span><\/a><\/div><\/div><\/div>\n<\/div>\n<\/div>\n\n\n\n<div class=\"wp-block-uagb-container uagb-block-64c2a67e\">\n<div class=\"wp-block-uagb-container uagb-block-3fbfeeed\">\n<div class=\"wp-block-uagb-image alignleft uagb-block-5517d747 wp-block-uagb-image--layout-default wp-block-uagb-image--effect-static wp-block-uagb-image--align-left\"><figure class=\"wp-block-uagb-image__figure\"><img decoding=\"async\" srcset=\"https:\/\/ascumefu.org\/ascumefunew\/wp-content\/uploads\/2025\/10\/WhatsApp-Image-2025-10-18-at-12.09.32-PM-2-1024x768.jpeg ,https:\/\/ascumefu.org\/ascumefunew\/wp-content\/uploads\/2025\/10\/WhatsApp-Image-2025-10-18-at-12.09.32-PM-2.jpeg 780w, https:\/\/ascumefu.org\/ascumefunew\/wp-content\/uploads\/2025\/10\/WhatsApp-Image-2025-10-18-at-12.09.32-PM-2.jpeg 360w\" sizes=\"auto, (max-width: 480px) 150px\" src=\"https:\/\/ascumefu.org\/ascumefunew\/wp-content\/uploads\/2025\/10\/WhatsApp-Image-2025-10-18-at-12.09.32-PM-2-1024x768.jpeg\" alt=\"\" class=\"uag-image-1643\" width=\"560\" height=\"500\" title=\"WhatsApp Image 2025-10-18 at 12.09.32 PM (2)\" loading=\"lazy\" role=\"img\"\/><\/figure><\/div>\n<\/div>\n\n\n\n<div class=\"wp-block-uagb-container uagb-block-4906a1e2\">\n<div class=\"wp-block-uagb-info-box uagb-block-b2c48bb3 uagb-infobox__content-wrap  uagb-infobox-icon-above-title uagb-infobox-image-valign-top\"><div class=\"uagb-ifb-content\"><div class=\"uagb-ifb-title-wrap\"><span class=\"uagb-ifb-title-prefix\">03<\/span><h3 class=\"uagb-ifb-title\">Capacitaci\u00f3n<\/h3><\/div><p class=\"uagb-ifb-desc\">Capacitaci\u00f3n y apoyo t\u00e9cnico: Ofrecemos formaci\u00f3n continua en pr\u00e1cticas agr\u00edcolas y de negocios, brindando a las familias las herramientas necesarias para ser autosuficientes y exitosas en el mercado.<\/p><div class=\"uagb-ifb-button-wrapper wp-block-button\"><a href=\"\/ascumefunew\/contact\/\" class=\"uagb-infobox-cta-link wp-block-button__link\" target=\"_self\" rel=\"noopener noreferrer\" onclick=\"return true;\"><span class=\"uagb-inline-editing\">Comenzar<\/span><\/a><\/div><\/div><\/div>\n<\/div>\n<\/div>\n<\/div><\/div>\n\n\n\n<div class=\"wp-block-uagb-container uagb-block-407e9912 alignfull uagb-is-root-container\"><div class=\"uagb-container-inner-blocks-wrap\"><\/div><\/div>\n\n\n\n<div class=\"wp-block-uagb-container uagb-block-c6476a98 alignfull uagb-is-root-container\"><div class=\"uagb-container-inner-blocks-wrap\">\n<div class=\"wp-block-uagb-container uagb-block-499f3e2a\">\n<div class=\"wp-block-uagb-advanced-heading uagb-block-6fe09642\"><h2 class=\"uagb-heading-text\">\u00bfPor qu\u00e9 elegir Ascumefu.org para sus proyectos?<\/h2><\/div>\n\n\n\n<div class=\"wp-block-uagb-advanced-heading uagb-block-72279faa\"><p class=\"uagb-heading-text\">Nuestra organizaci\u00f3n se dedica a crear un impacto positivo en la comunidad, promoviendo la sostenibilidad y la autosuficiencia a trav\u00e9s de iniciativas innovadoras y solidarias.<\/p><\/div>\n<\/div>\n\n\n\n<div class=\"wp-block-uagb-container uagb-block-8c7963ad\">\n<div class=\"wp-block-uagb-container uagb-block-918d0378\">\n<div class=\"wp-block-uagb-image uagb-block-0a080123 wp-block-uagb-image--layout-default wp-block-uagb-image--effect-static wp-block-uagb-image--align-none\"><figure class=\"wp-block-uagb-image__figure\"><img decoding=\"async\" srcset=\"https:\/\/ascumefu.org\/ascumefunew\/wp-content\/uploads\/2025\/05\/farmer-threshing-rice-in-panama-sri-lanka-30808114-1024x682.jpeg ,https:\/\/ascumefu.org\/ascumefunew\/wp-content\/uploads\/2025\/05\/farmer-threshing-rice-in-panama-sri-lanka-30808114.jpeg 780w, https:\/\/ascumefu.org\/ascumefunew\/wp-content\/uploads\/2025\/05\/farmer-threshing-rice-in-panama-sri-lanka-30808114.jpeg 360w\" sizes=\"auto, (max-width: 480px) 150px\" src=\"https:\/\/ascumefu.org\/ascumefunew\/wp-content\/uploads\/2025\/05\/farmer-threshing-rice-in-panama-sri-lanka-30808114-1024x682.jpeg\" alt=\"A farmer threshes rice in an open field in Panama, Sri Lanka, under a clear sky.\" class=\"uag-image-1608\" width=\"560\" height=\"450\" title=\"farmer-threshing-rice-in-panama-sri-lanka-30808114\" loading=\"lazy\" role=\"img\"\/><\/figure><\/div>\n\n\n\n<div class=\"wp-block-uagb-advanced-heading uagb-block-53687665\"><h3 class=\"uagb-heading-text\">Producci\u00f3n Sostenible<\/h3><p class=\"uagb-desc-text\">Nos enfocamos en m\u00e9todos de producci\u00f3n sostenibles que protegen el medio ambiente y garantizan la viabilidad a largo plazo de nuestros cultivos.<\/p><\/div>\n<\/div>\n\n\n\n<div class=\"wp-block-uagb-container uagb-block-a2b4d0ac\">\n<div class=\"wp-block-uagb-image alignleft uagb-block-7a16e14f wp-block-uagb-image--layout-default wp-block-uagb-image--effect-static wp-block-uagb-image--align-left\"><figure class=\"wp-block-uagb-image__figure\"><img decoding=\"async\" srcset=\"https:\/\/ascumefu.org\/ascumefunew\/wp-content\/uploads\/2025\/10\/WhatsApp-Image-2025-10-18-at-12.09.27-PM-1024x1024.jpeg ,https:\/\/ascumefu.org\/ascumefunew\/wp-content\/uploads\/2025\/10\/WhatsApp-Image-2025-10-18-at-12.09.27-PM.jpeg 780w, https:\/\/ascumefu.org\/ascumefunew\/wp-content\/uploads\/2025\/10\/WhatsApp-Image-2025-10-18-at-12.09.27-PM.jpeg 360w\" sizes=\"auto, (max-width: 480px) 150px\" src=\"https:\/\/ascumefu.org\/ascumefunew\/wp-content\/uploads\/2025\/10\/WhatsApp-Image-2025-10-18-at-12.09.27-PM-1024x1024.jpeg\" alt=\"\" class=\"uag-image-1648\" width=\"560\" height=\"450\" title=\"WhatsApp Image 2025-10-18 at 12.09.27 PM\" loading=\"lazy\" role=\"img\"\/><\/figure><\/div>\n\n\n\n<div class=\"wp-block-uagb-advanced-heading uagb-block-c5a580ac\"><h3 class=\"uagb-heading-text\">Impacto Social<\/h3><p class=\"uagb-desc-text\">Promovemos el desarrollo comunitario, mejorando la calidad de vida de 130 familias campesinas a trav\u00e9s de la autosuficiencia y el emprendimiento.<\/p><\/div>\n<\/div>\n<\/div>\n<\/div><\/div>\n\n\n\n<div class=\"wp-block-uagb-container uagb-block-c84325e4 alignfull uagb-is-root-container\"><div class=\"uagb-container-inner-blocks-wrap\">\n<div class=\"wp-block-uagb-info-box uagb-block-d8a09d88 uagb-infobox__content-wrap  uagb-infobox-icon-above-title uagb-infobox-image-valign-top\"><div class=\"uagb-ifb-content\"><div class=\"uagb-ifb-title-wrap\"><h2 class=\"uagb-ifb-title\">Apoya Nuestro Derecho a la Tierra<\/h2><\/div><p class=\"uagb-ifb-desc\">Con tu respaldo institucional, pol\u00edtico o solidario, las 132 familias de ASCUMEFU podremos finalmente acceder a tierra propia y construir un futuro digno para nuestros hijos.<\/p><div class=\"uagb-ifb-button-wrapper wp-block-button\"><a href=\"\/ascumefunew\/contact\/\" class=\"uagb-infobox-cta-link wp-block-button__link\" target=\"_self\" rel=\"noopener noreferrer\" onclick=\"return true;\"><span class=\"uagb-inline-editing\">\u00danete a nosotros<\/span><\/a><\/div><\/div><\/div>\n<\/div><\/div>\n","protected":false},"excerpt":{"rendered":"<p>\u00bfPor qu\u00e9 elegir Ascumefu.org para sus proyectos? Nuestra organizaci\u00f3n se dedica a crear un impacto positivo en la comunidad, promoviendo [&hellip;]<\/p>\n","protected":false},"author":10,"featured_media":0,"parent":0,"menu_order":0,"comment_status":"closed","ping_status":"closed","template":"","meta":{"_uag_custom_page_level_css":"","site-sidebar-layout":"default","site-content-layout":"","ast-site-content-layout":"default","site-content-style":"default","site-sidebar-style":"default","ast-global-header-display":"","ast-banner-title-visibility":"","ast-main-header-display":"","ast-hfb-above-header-display":"","ast-hfb-below-header-display":"","ast-hfb-mobile-header-display":"","site-post-title":"disabled","ast-breadcrumbs-content":"","ast-featured-img":"","footer-sml-layout":"","ast-disable-related-posts":"","theme-transparent-header-meta":"enabled","adv-header-id-meta":"","stick-header-meta":"","header-above-stick-meta":"","header-main-stick-meta":"","header-below-stick-meta":"","astra-migrate-meta-layouts":"set","ast-page-background-enabled":"default","ast-page-background-meta":{"desktop":{"background-color":"var(--ast-global-color-4)","background-image":"","background-repeat":"repeat","background-position":"center center","background-size":"auto","background-attachment":"scroll","background-type":"","background-media":"","overlay-type":"","overlay-color":"","overlay-opacity":"","overlay-gradient":""},"tablet":{"background-color":"","background-image":"","background-repeat":"repeat","background-position":"center center","background-size":"auto","background-attachment":"scroll","background-type":"","background-media":"","overlay-type":"","overlay-color":"","overlay-opacity":"","overlay-gradient":""},"mobile":{"background-color":"","background-image":"","background-repeat":"repeat","background-position":"center center","background-size":"auto","background-attachment":"scroll","background-type":"","background-media":"","overlay-type":"","overlay-color":"","overlay-opacity":"","overlay-gradient":""}},"ast-content-background-meta":{"desktop":{"background-color":"var(--ast-global-color-5)","background-image":"","background-repeat":"repeat","background-position":"center center","background-size":"auto","background-attachment":"scroll","background-type":"","background-media":"","overlay-type":"","overlay-color":"","overlay-opacity":"","overlay-gradient":""},"tablet":{"background-color":"var(--ast-global-color-5)","background-image":"","background-repeat":"repeat","background-position":"center center","background-size":"auto","background-attachment":"scroll","background-type":"","background-media":"","overlay-type":"","overlay-color":"","overlay-opacity":"","overlay-gradient":""},"mobile":{"background-color":"var(--ast-global-color-5)","background-image":"","background-repeat":"repeat","background-position":"center center","background-size":"auto","background-attachment":"scroll","background-type":"","background-media":"","overlay-type":"","overlay-color":"","overlay-opacity":"","overlay-gradient":""}},"footnotes":""},"class_list":["post-167","page","type-page","status-publish","hentry"],"uagb_featured_image_src":{"full":false,"thumbnail":false,"medium":false,"medium_large":false,"large":false,"1536x1536":false,"2048x2048":false},"uagb_author_info":{"display_name":"Olffer Admin","author_link":"https:\/\/ascumefu.org\/ascumefunew\/author\/yfml89dlj4jn\/"},"uagb_comment_info":0,"uagb_excerpt":"\u00bfPor qu\u00e9 elegir Ascumefu.org para sus proyectos? Nuestra organizaci\u00f3n se dedica a crear un impacto positivo en la comunidad, promoviendo [&hellip;]","_links":{"self":[{"href":"https:\/\/ascumefu.org\/ascumefunew\/wp-json\/wp\/v2\/pages\/167","targetHints":{"allow":["GET"]}}],"collection":[{"href":"https:\/\/ascumefu.org\/ascumefunew\/wp-json\/wp\/v2\/pages"}],"about":[{"href":"https:\/\/ascumefu.org\/ascumefunew\/wp-json\/wp\/v2\/types\/page"}],"author":[{"embeddable":true,"href":"https:\/\/ascumefu.org\/ascumefunew\/wp-json\/wp\/v2\/users\/10"}],"replies":[{"embeddable":true,"href":"https:\/\/ascumefu.org\/ascumefunew\/wp-json\/wp\/v2\/comments?post=167"}],"version-history":[{"count":8,"href":"https:\/\/ascumefu.org\/ascumefunew\/wp-json\/wp\/v2\/pages\/167\/revisions"}],"predecessor-version":[{"id":1683,"href":"https:\/\/ascumefu.org\/ascumefunew\/wp-json\/wp\/v2\/pages\/167\/revisions\/1683"}],"wp:attachment":[{"href":"https:\/\/ascumefu.org\/ascumefunew\/wp-json\/wp\/v2\/media?parent=167"}],"curies":[{"name":"wp","href":"https:\/\/api.w.org\/{rel}","templated":true}]}}