{"id":1694,"date":"2025-10-18T19:50:46","date_gmt":"2025-10-18T19:50:46","guid":{"rendered":"https:\/\/ascumefu.org\/ascumefunew\/?page_id=1694"},"modified":"2025-10-18T20:04:17","modified_gmt":"2025-10-18T20:04:17","slug":"nosotros","status":"publish","type":"page","link":"https:\/\/ascumefu.org\/ascumefunew\/nosotros\/","title":{"rendered":"Nosotros"},"content":{"rendered":"\n<div class=\"wp-block-uagb-info-box uagb-block-39hwibkd uagb-infobox__content-wrap  uagb-infobox-icon-above-title uagb-infobox-image-valign-top\"><div class=\"uagb-ifb-content\"><div class=\"uagb-ifb-title-wrap\"><h1 class=\"uagb-ifb-title\">Nuestra Misi\u00f3n<\/h1><\/div><\/div><\/div>\n\n\n\n<div class=\"wp-block-uagb-container uagb-block-a3fd3a92 alignfull uagb-is-root-container\"><div class=\"uagb-container-inner-blocks-wrap\">\n<div class=\"wp-block-uagb-info-box uagb-block-5a019c93 uagb-infobox__content-wrap  uagb-infobox-icon-above-title uagb-infobox-image-valign-top\"><div class=\"uagb-ifb-content\"><div class=\"uagb-ifb-title-wrap\"><h2 class=\"uagb-ifb-title\">La historia de ASCUMEFU<\/h2><\/div><\/div><\/div>\n\n\n\n<div class=\"wp-block-uagb-container uagb-block-6553b5e7\">\n<div class=\"wp-block-uagb-info-box uagb-block-d3552330 uagb-infobox__content-wrap  uagb-infobox-icon-above-title uagb-infobox-image-valign-top\"><div class=\"uagb-ifb-content\"><div class=\"uagb-ifb-title-wrap\"><\/div><p class=\"uagb-ifb-desc\">La Asociaci\u00f3n de Campesinos Unidos por un Mejor Futuro es una organizaci\u00f3n sin \u00e1nimo de lucro conformada por 132 familias campesinas de Montel\u00edbano, C\u00f3rdoba. Nuestro objetivo es acceder a tierra y desarrollar proyectos agroproductivos sostenibles de ma\u00edz y arroz.<br><br>Nos organizamos debido a la necesidad urgente de salir del ciclo de pobreza e inseguridad alimentaria en el que vivimos como jornaleros sin tierras propias. Muchos somos v\u00edctimas del conflicto armado en nuestra regi\u00f3n, lo que nos ha llevado a depender de intermediarios que pagan precios injustos por nuestras cosechas.<br><\/p><\/div><\/div>\n\n\n\n<div class=\"wp-block-uagb-info-box uagb-block-68a9da3f uagb-infobox__content-wrap  uagb-infobox-icon-above-title uagb-infobox-image-valign-top\"><div class=\"uagb-ifb-content\"><div class=\"uagb-ifb-title-wrap\"><\/div><p class=\"uagb-ifb-desc\">Amparados en el Acto Legislativo 01 de 2023, estamos gestionando el acceso a tierras.<br><br>Buscamos asegurar que cada familia tenga su propia tierra para cultivar bajo buenas pr\u00e1cticas agr\u00edcolas, con asistencia t\u00e9cnica y comercializaci\u00f3n directa. Aspiramos a lograr seguridad alimentaria, ingresos dignos y un futuro mejor para nuestros hijos.<\/p><\/div><\/div>\n<\/div>\n<\/div><\/div>\n\n\n\n<div class=\"wp-block-uagb-container uagb-block-kltjlte7 alignfull uagb-is-root-container\"><div class=\"uagb-container-inner-blocks-wrap\">\n<div class=\"wp-block-uagb-info-box uagb-block-wxegznyo uagb-infobox__content-wrap  uagb-infobox-icon-above-title uagb-infobox-image-valign-top\"><div class=\"uagb-ifb-content\"><div class=\"uagb-ifb-title-wrap\"><h2 class=\"uagb-ifb-title\">Galeria<\/h2><\/div><\/div><\/div>\n\n\n\n<div class=\"wp-block-uagb-container uagb-block-qaviwfm5\">\n<div class=\"wp-block-columns is-layout-flex wp-container-core-columns-is-layout-28f84493 wp-block-columns-is-layout-flex\">\n<div class=\"wp-block-column is-layout-flow wp-block-column-is-layout-flow\" style=\"flex-basis:100%\">\n<div class=\"wp-block-uagb-image aligncenter uagb-block-059ba026 wp-block-uagb-image--layout-default wp-block-uagb-image--effect-static wp-block-uagb-image--align-center\"><figure class=\"wp-block-uagb-image__figure\"><img decoding=\"async\" srcset=\"https:\/\/ascumefu.org\/ascumefunew\/wp-content\/uploads\/2025\/10\/WhatsApp-Image-2025-10-18-at-12.09.27-PM-1024x1024.jpeg ,https:\/\/ascumefu.org\/ascumefunew\/wp-content\/uploads\/2025\/10\/WhatsApp-Image-2025-10-18-at-12.09.27-PM.jpeg 780w, https:\/\/ascumefu.org\/ascumefunew\/wp-content\/uploads\/2025\/10\/WhatsApp-Image-2025-10-18-at-12.09.27-PM.jpeg 360w\" sizes=\"auto, (max-width: 480px) 150px\" src=\"https:\/\/ascumefu.org\/ascumefunew\/wp-content\/uploads\/2025\/10\/WhatsApp-Image-2025-10-18-at-12.09.27-PM-1024x1024.jpeg\" alt=\"\" class=\"uag-image-1648\" width=\"672\" height=\"672\" title=\"WhatsApp Image 2025-10-18 at 12.09.27 PM\" loading=\"lazy\" role=\"img\"\/><\/figure><\/div>\n\n\n\n<div class=\"wp-block-uagb-image uagb-block-e4cca900 wp-block-uagb-image--layout-default wp-block-uagb-image--effect-static wp-block-uagb-image--align-none\"><figure class=\"wp-block-uagb-image__figure\"><img decoding=\"async\" srcset=\"https:\/\/ascumefu.org\/ascumefunew\/wp-content\/uploads\/2025\/10\/WhatsApp-Image-2025-10-18-at-12.09.31-PM-1024x461.jpeg ,https:\/\/ascumefu.org\/ascumefunew\/wp-content\/uploads\/2025\/10\/WhatsApp-Image-2025-10-18-at-12.09.31-PM.jpeg 780w, https:\/\/ascumefu.org\/ascumefunew\/wp-content\/uploads\/2025\/10\/WhatsApp-Image-2025-10-18-at-12.09.31-PM.jpeg 360w\" sizes=\"auto, (max-width: 480px) 150px\" src=\"https:\/\/ascumefu.org\/ascumefunew\/wp-content\/uploads\/2025\/10\/WhatsApp-Image-2025-10-18-at-12.09.31-PM-1024x461.jpeg\" alt=\"\" class=\"uag-image-1646\" width=\"1024\" height=\"461\" title=\"WhatsApp Image 2025-10-18 at 12.09.31 PM\" loading=\"lazy\" role=\"img\"\/><\/figure><\/div>\n\n\n\n<div class=\"wp-block-uagb-image uagb-block-af7571c3 wp-block-uagb-image--layout-default wp-block-uagb-image--effect-static wp-block-uagb-image--align-none\"><figure class=\"wp-block-uagb-image__figure\"><img decoding=\"async\" srcset=\"https:\/\/ascumefu.org\/ascumefunew\/wp-content\/uploads\/2025\/10\/WhatsApp-Image-2025-10-18-at-12.09.32-PM-2-1024x768.jpeg ,https:\/\/ascumefu.org\/ascumefunew\/wp-content\/uploads\/2025\/10\/WhatsApp-Image-2025-10-18-at-12.09.32-PM-2.jpeg 780w, https:\/\/ascumefu.org\/ascumefunew\/wp-content\/uploads\/2025\/10\/WhatsApp-Image-2025-10-18-at-12.09.32-PM-2.jpeg 360w\" sizes=\"auto, (max-width: 480px) 150px\" src=\"https:\/\/ascumefu.org\/ascumefunew\/wp-content\/uploads\/2025\/10\/WhatsApp-Image-2025-10-18-at-12.09.32-PM-2-1024x768.jpeg\" alt=\"\" class=\"uag-image-1643\" width=\"1024\" height=\"768\" title=\"WhatsApp Image 2025-10-18 at 12.09.32 PM (2)\" loading=\"lazy\" role=\"img\"\/><\/figure><\/div>\n\n\n\n<div class=\"wp-block-uagb-image uagb-block-f467b264 wp-block-uagb-image--layout-default wp-block-uagb-image--effect-static wp-block-uagb-image--align-none\"><figure class=\"wp-block-uagb-image__figure\"><img decoding=\"async\" srcset=\"https:\/\/ascumefu.org\/ascumefunew\/wp-content\/uploads\/2025\/10\/ChatGPT-Image-18-oct-2025-11_45_57-1024x683.png ,https:\/\/ascumefu.org\/ascumefunew\/wp-content\/uploads\/2025\/10\/ChatGPT-Image-18-oct-2025-11_45_57.png 780w, https:\/\/ascumefu.org\/ascumefunew\/wp-content\/uploads\/2025\/10\/ChatGPT-Image-18-oct-2025-11_45_57.png 360w\" sizes=\"auto, (max-width: 480px) 150px\" src=\"https:\/\/ascumefu.org\/ascumefunew\/wp-content\/uploads\/2025\/10\/ChatGPT-Image-18-oct-2025-11_45_57-1024x683.png\" alt=\"\" class=\"uag-image-1634\" width=\"1024\" height=\"683\" title=\"ChatGPT Image 18 oct 2025, 11_45_57\" loading=\"lazy\" role=\"img\"\/><\/figure><\/div>\n<\/div>\n<\/div>\n<\/div>\n<\/div><\/div>\n\n\n\n<div class=\"wp-block-uagb-container uagb-block-c84325e4 alignfull uagb-is-root-container\"><div class=\"uagb-container-inner-blocks-wrap\">\n<div class=\"wp-block-uagb-info-box uagb-block-d8a09d88 uagb-infobox__content-wrap  uagb-infobox-icon-above-title uagb-infobox-image-valign-top\"><div class=\"uagb-ifb-content\"><div class=\"uagb-ifb-title-wrap\"><h2 class=\"uagb-ifb-title\">Apoya Nuestro Derecho a la Tierra<\/h2><\/div><p class=\"uagb-ifb-desc\">Con tu respaldo institucional, pol\u00edtico o solidario, las 132 familias de ASCUMEFU podremos finalmente acceder a tierra propia y construir un futuro digno para nuestros hijos.<\/p><div class=\"uagb-ifb-button-wrapper wp-block-button\"><a href=\"\/ascumefunew\/contact\/\" class=\"uagb-infobox-cta-link wp-block-button__link\" target=\"_self\" rel=\"noopener noreferrer\" onclick=\"return true;\"><span class=\"uagb-inline-editing\">\u00danete a nosotros<\/span><\/a><\/div><\/div><\/div>\n<\/div><\/div>\n\n\n\n<p><\/p>\n","protected":false},"excerpt":{"rendered":"","protected":false},"author":11,"featured_media":0,"parent":0,"menu_order":0,"comment_status":"closed","ping_status":"closed","template":"","meta":{"_uag_custom_page_level_css":"","site-sidebar-layout":"default","site-content-layout":"","ast-site-content-layout":"default","site-content-style":"default","site-sidebar-style":"default","ast-global-header-display":"","ast-banner-title-visibility":"","ast-main-header-display":"","ast-hfb-above-header-display":"","ast-hfb-below-header-display":"","ast-hfb-mobile-header-display":"","site-post-title":"disabled","ast-breadcrumbs-content":"","ast-featured-img":"","footer-sml-layout":"","ast-disable-related-posts":"","theme-transparent-header-meta":"","adv-header-id-meta":"","stick-header-meta":"","header-above-stick-meta":"","header-main-stick-meta":"","header-below-stick-meta":"","astra-migrate-meta-layouts":"set","ast-page-background-enabled":"default","ast-page-background-meta":{"desktop":{"background-color":"var(--ast-global-color-4)","background-image":"","background-repeat":"repeat","background-position":"center center","background-size":"auto","background-attachment":"scroll","background-type":"","background-media":"","overlay-type":"","overlay-color":"","overlay-opacity":"","overlay-gradient":""},"tablet":{"background-color":"","background-image":"","background-repeat":"repeat","background-position":"center center","background-size":"auto","background-attachment":"scroll","background-type":"","background-media":"","overlay-type":"","overlay-color":"","overlay-opacity":"","overlay-gradient":""},"mobile":{"background-color":"","background-image":"","background-repeat":"repeat","background-position":"center center","background-size":"auto","background-attachment":"scroll","background-type":"","background-media":"","overlay-type":"","overlay-color":"","overlay-opacity":"","overlay-gradient":""}},"ast-content-background-meta":{"desktop":{"background-color":"var(--ast-global-color-5)","background-image":"","background-repeat":"repeat","background-position":"center center","background-size":"auto","background-attachment":"scroll","background-type":"","background-media":"","overlay-type":"","overlay-color":"","overlay-opacity":"","overlay-gradient":""},"tablet":{"background-color":"var(--ast-global-color-5)","background-image":"","background-repeat":"repeat","background-position":"center center","background-size":"auto","background-attachment":"scroll","background-type":"","background-media":"","overlay-type":"","overlay-color":"","overlay-opacity":"","overlay-gradient":""},"mobile":{"background-color":"var(--ast-global-color-5)","background-image":"","background-repeat":"repeat","background-position":"center center","background-size":"auto","background-attachment":"scroll","background-type":"","background-media":"","overlay-type":"","overlay-color":"","overlay-opacity":"","overlay-gradient":""}},"footnotes":""},"class_list":["post-1694","page","type-page","status-publish","hentry"],"uagb_featured_image_src":{"full":false,"thumbnail":false,"medium":false,"medium_large":false,"large":false,"1536x1536":false,"2048x2048":false},"uagb_author_info":{"display_name":"Administrador Web","author_link":"https:\/\/ascumefu.org\/ascumefunew\/author\/administrador-web\/"},"uagb_comment_info":0,"uagb_excerpt":null,"_links":{"self":[{"href":"https:\/\/ascumefu.org\/ascumefunew\/wp-json\/wp\/v2\/pages\/1694","targetHints":{"allow":["GET"]}}],"collection":[{"href":"https:\/\/ascumefu.org\/ascumefunew\/wp-json\/wp\/v2\/pages"}],"about":[{"href":"https:\/\/ascumefu.org\/ascumefunew\/wp-json\/wp\/v2\/types\/page"}],"author":[{"embeddable":true,"href":"https:\/\/ascumefu.org\/ascumefunew\/wp-json\/wp\/v2\/users\/11"}],"replies":[{"embeddable":true,"href":"https:\/\/ascumefu.org\/ascumefunew\/wp-json\/wp\/v2\/comments?post=1694"}],"version-history":[{"count":5,"href":"https:\/\/ascumefu.org\/ascumefunew\/wp-json\/wp\/v2\/pages\/1694\/revisions"}],"predecessor-version":[{"id":1710,"href":"https:\/\/ascumefu.org\/ascumefunew\/wp-json\/wp\/v2\/pages\/1694\/revisions\/1710"}],"wp:attachment":[{"href":"https:\/\/ascumefu.org\/ascumefunew\/wp-json\/wp\/v2\/media?parent=1694"}],"curies":[{"name":"wp","href":"https:\/\/api.w.org\/{rel}","templated":true}]}}