{"id":8,"date":"2025-05-29T14:18:12","date_gmt":"2025-05-29T14:18:12","guid":{"rendered":"https:\/\/lustrous-layla-w6j.zipwp.link\/?page_id=8"},"modified":"2025-10-18T20:25:31","modified_gmt":"2025-10-18T20:25:31","slug":"home","status":"publish","type":"page","link":"https:\/\/ascumefu.org\/ascumefunew\/","title":{"rendered":"Home"},"content":{"rendered":"\n<div class=\"wp-block-uagb-container uagb-block-edf9ad47 alignfull uagb-is-root-container\"><div class=\"uagb-container-inner-blocks-wrap\">\n<div class=\"wp-block-uagb-info-box uagb-block-360d083e uagb-infobox__content-wrap  uagb-infobox-icon-above-title uagb-infobox-image-valign-top\"><div class=\"uagb-ifb-content\"><div class=\"uagb-ifb-title-wrap\"><h1 class=\"uagb-ifb-title\">Construyendo nuestro futuro en la tierra<\/h1><\/div><p class=\"uagb-ifb-desc\">Somos 132 familias campesinas de Montel\u00edbano unidas para acceder a tierra propia y cultivar ma\u00edz y arroz con dignidad, sostenibilidad y autonom\u00eda.<\/p><div class=\"uagb-ifb-button-wrapper wp-block-button\"><a href=\"contact\/\" class=\"uagb-infobox-cta-link wp-block-button__link\" target=\"_self\" rel=\"noopener noreferrer\" onclick=\"return true;\"><span class=\"uagb-inline-editing\">\u00danete a nosotros<\/span><\/a><\/div><\/div><\/div>\n<\/div><\/div>\n\n\n\n<div class=\"wp-block-uagb-container uagb-block-cd2fc679 alignfull uagb-is-root-container\"><div class=\"uagb-container-inner-blocks-wrap\">\n<div class=\"wp-block-uagb-info-box uagb-block-3b175fd5 uagb-infobox__content-wrap  uagb-infobox-icon-above-title uagb-infobox-image-valign-top\"><div class=\"uagb-ifb-content\"><div class=\"uagb-ifb-title-wrap\"><h2 class=\"uagb-ifb-title\">Un Sue\u00f1o Campesino por Realizar<\/h2><\/div><p class=\"uagb-ifb-desc\">Descubre nuestro proyecto de acceso a tierras que busca transformar la vida de 132 familias campesinas y fortalecer la seguridad alimentaria de nuestra regi\u00f3n.<\/p><\/div><\/div>\n\n\n\n<div class=\"wp-block-uagb-container uagb-block-93377a07\">\n<div class=\"wp-block-uagb-container uagb-block-fae5d157\">\n<div class=\"wp-block-uagb-image alignleft uagb-block-df4cd6be wp-block-uagb-image--layout-default wp-block-uagb-image--effect-static wp-block-uagb-image--align-left\"><figure class=\"wp-block-uagb-image__figure\"><img decoding=\"async\" srcset=\"https:\/\/ascumefu.org\/ascumefunew\/wp-content\/uploads\/2025\/10\/WhatsApp-Image-2025-10-18-at-12.09.32-PM-1024x768.jpeg ,https:\/\/ascumefu.org\/ascumefunew\/wp-content\/uploads\/2025\/10\/WhatsApp-Image-2025-10-18-at-12.09.32-PM.jpeg 780w, https:\/\/ascumefu.org\/ascumefunew\/wp-content\/uploads\/2025\/10\/WhatsApp-Image-2025-10-18-at-12.09.32-PM.jpeg 360w\" sizes=\"auto, (max-width: 480px) 150px\" src=\"https:\/\/ascumefu.org\/ascumefunew\/wp-content\/uploads\/2025\/10\/WhatsApp-Image-2025-10-18-at-12.09.32-PM-1024x768.jpeg\" alt=\"\" class=\"uag-image-1645\" width=\"373\" height=\"480\" title=\"WhatsApp Image 2025-10-18 at 12.09.32 PM\" loading=\"lazy\" role=\"img\"\/><\/figure><\/div>\n\n\n\n<div class=\"wp-block-uagb-advanced-heading uagb-block-82da6484\"><h3 class=\"uagb-heading-text\">Acceso a Tierra<\/h3><p class=\"uagb-desc-text\">Buscamos alianza con Entidades del Gobierno para materializar nuestro derecho constitucional a la tierra como campesinos de Montel\u00edbano, C\u00f3rdoba.<\/p><\/div>\n<\/div>\n\n\n\n<div class=\"wp-block-uagb-container uagb-block-b4a21a88\">\n<div class=\"wp-block-uagb-image alignleft uagb-block-2400b6c1 wp-block-uagb-image--layout-default wp-block-uagb-image--effect-static wp-block-uagb-image--align-left\"><figure class=\"wp-block-uagb-image__figure\"><img decoding=\"async\" srcset=\"https:\/\/ascumefu.org\/ascumefunew\/wp-content\/uploads\/2025\/10\/WhatsApp-Image-2025-10-18-at-12.09.32-PM-1-1024x768.jpeg ,https:\/\/ascumefu.org\/ascumefunew\/wp-content\/uploads\/2025\/10\/WhatsApp-Image-2025-10-18-at-12.09.32-PM-1.jpeg 780w, https:\/\/ascumefu.org\/ascumefunew\/wp-content\/uploads\/2025\/10\/WhatsApp-Image-2025-10-18-at-12.09.32-PM-1.jpeg 360w\" sizes=\"auto, (max-width: 480px) 150px\" src=\"https:\/\/ascumefu.org\/ascumefunew\/wp-content\/uploads\/2025\/10\/WhatsApp-Image-2025-10-18-at-12.09.32-PM-1-1024x768.jpeg\" alt=\"\" class=\"uag-image-1644\" width=\"373\" height=\"480\" title=\"WhatsApp Image 2025-10-18 at 12.09.32 PM (1)\" loading=\"lazy\" role=\"img\"\/><\/figure><\/div>\n\n\n\n<div class=\"wp-block-uagb-advanced-heading uagb-block-ddf76d8a\"><h3 class=\"uagb-heading-text\">Ma\u00edz y Arroz<\/h3><p class=\"uagb-desc-text\">Cultivaremos ma\u00edz y arroz bajo buenas pr\u00e1cticas agr\u00edcolas, con semillas certificadas y asistencia t\u00e9cnica, garantizando producci\u00f3n de calidad para autoconsumo y comercializaci\u00f3n directa.<\/p><\/div>\n<\/div>\n\n\n\n<div class=\"wp-block-uagb-container uagb-block-4be5b602\">\n<div class=\"wp-block-uagb-image alignleft uagb-block-b48fe4eb wp-block-uagb-image--layout-default wp-block-uagb-image--effect-static wp-block-uagb-image--align-left\"><figure class=\"wp-block-uagb-image__figure\"><img decoding=\"async\" srcset=\"https:\/\/ascumefu.org\/ascumefunew\/wp-content\/uploads\/2025\/10\/WhatsApp-Image-2025-10-18-at-12.09.31-PM-1024x461.jpeg ,https:\/\/ascumefu.org\/ascumefunew\/wp-content\/uploads\/2025\/10\/WhatsApp-Image-2025-10-18-at-12.09.31-PM.jpeg 780w, https:\/\/ascumefu.org\/ascumefunew\/wp-content\/uploads\/2025\/10\/WhatsApp-Image-2025-10-18-at-12.09.31-PM.jpeg 360w\" sizes=\"auto, (max-width: 480px) 150px\" src=\"https:\/\/ascumefu.org\/ascumefunew\/wp-content\/uploads\/2025\/10\/WhatsApp-Image-2025-10-18-at-12.09.31-PM-1024x461.jpeg\" alt=\"\" class=\"uag-image-1646\" width=\"373\" height=\"480\" title=\"WhatsApp Image 2025-10-18 at 12.09.31 PM\" loading=\"lazy\" role=\"img\"\/><\/figure><\/div>\n\n\n\n<div class=\"wp-block-uagb-advanced-heading uagb-block-2d89467b\"><h3 class=\"uagb-heading-text\">Capacitaci\u00f3n<\/h3><p class=\"uagb-desc-text\">Recibiremos formaci\u00f3n en t\u00e9cnicas agron\u00f3micas modernas, gesti\u00f3n empresarial y comercializaci\u00f3n directa, convirti\u00e9ndonos en productores t\u00e9cnicamente capacitados y empresarialmente competentes.<\/p><\/div>\n<\/div>\n<\/div>\n<\/div><\/div>\n\n\n\n<div class=\"wp-block-uagb-container uagb-block-0cf1e869 alignfull uagb-is-root-container\"><div class=\"uagb-container-inner-blocks-wrap\">\n<div class=\"wp-block-uagb-container uagb-block-8e894bf5\">\n<div class=\"wp-block-uagb-image alignleft uagb-block-88e52dea wp-block-uagb-image--layout-default wp-block-uagb-image--effect-static wp-block-uagb-image--align-left\"><figure class=\"wp-block-uagb-image__figure\"><img decoding=\"async\" srcset=\"https:\/\/ascumefu.org\/ascumefunew\/wp-content\/uploads\/2025\/10\/WhatsApp-Image-2025-10-18-at-12.09.27-PM-1024x1024.jpeg ,https:\/\/ascumefu.org\/ascumefunew\/wp-content\/uploads\/2025\/10\/WhatsApp-Image-2025-10-18-at-12.09.27-PM.jpeg 780w, https:\/\/ascumefu.org\/ascumefunew\/wp-content\/uploads\/2025\/10\/WhatsApp-Image-2025-10-18-at-12.09.27-PM.jpeg 360w\" sizes=\"auto, (max-width: 480px) 150px\" src=\"https:\/\/ascumefu.org\/ascumefunew\/wp-content\/uploads\/2025\/10\/WhatsApp-Image-2025-10-18-at-12.09.27-PM-1024x1024.jpeg\" alt=\"\" class=\"uag-image-1648\" width=\"550\" height=\"536\" title=\"WhatsApp Image 2025-10-18 at 12.09.27 PM\" loading=\"lazy\" role=\"img\"\/><\/figure><\/div>\n<\/div>\n\n\n\n<div class=\"wp-block-uagb-info-box uagb-block-af69361d uagb-infobox__content-wrap  uagb-infobox-icon-above-title uagb-infobox-image-valign-top\"><div class=\"uagb-ifb-content\"><div class=\"uagb-ifb-title-wrap\"><h3 class=\"uagb-ifb-title\">La historia de Ascumefu.<\/h3><\/div><p class=\"uagb-ifb-desc\">ASCUMEFU nace de la necesidad de 132 familias campesinas de Montel\u00edbano que durante a\u00f1os hemos trabajado sin tierra propia, en condiciones de vulnerabilidad y dependiendo de intermediarios que nos pagan precios injustos.<br><br>Somos campesinos y campesinas, muchos v\u00edctimas del conflicto armado, que nos organizamos para exigir nuestro derecho constitucional a la tierra. <br><br>Hoy, con el respaldo del Acto Legislativo 01 de 2023 que nos reconoce como sujetos de especial protecci\u00f3n, estamos gestionando mediante articulaci\u00f3n con la SAE, ADR y ANT el acceso a Tierras hect\u00e1reas para desarrollar un proyecto productivo sostenible de ma\u00edz y arroz.<br><br>Queremos dejar de ser jornaleros en tierra ajena y convertirnos en due\u00f1os de nuestro destino, garantizando seguridad alimentaria para nuestras familias e ingresos dignos mediante comercializaci\u00f3n directa sin intermediarios.<\/p><div class=\"uagb-ifb-button-wrapper wp-block-button\"><a href=\"offerings\/\" class=\"uagb-infobox-cta-link wp-block-button__link\" target=\"_self\" rel=\"noopener noreferrer\" onclick=\"return true;\"><span class=\"uagb-inline-editing\">Aprender M\u00e1s<\/span><\/a><\/div><\/div><\/div>\n<\/div><\/div>\n\n\n\n<div class=\"wp-block-uagb-container uagb-block-b9774670 alignfull uagb-is-root-container\"><div class=\"uagb-container-inner-blocks-wrap\">\n<p class=\"has-text-align-left\">Toda la vida hemos trabajado en tierra prestada, sin poder planificar ni mejorar nada. Estamos luchando para que cada familia tenga sus  tierra y podamos darles un futuro digno a nuestros hijos.<\/p>\n<\/div><\/div>\n\n\n\n<div class=\"wp-block-uagb-container uagb-block-ec01bfa7 alignfull uagb-is-root-container\"><div class=\"uagb-container-inner-blocks-wrap\">\n<div class=\"wp-block-uagb-info-box uagb-block-13d69fb3 uagb-infobox__content-wrap  uagb-infobox-icon-above-title uagb-infobox-image-valign-top\"><div class=\"uagb-ifb-content\"><div class=\"uagb-ifb-title-wrap\"><h2 class=\"uagb-ifb-title\">\u00bfPor Qu\u00e9 Apoyar a ASCUMEFU?<\/h2><\/div><p class=\"uagb-ifb-desc\">Nuestra organizaci\u00f3n representa la lucha leg\u00edtima de campesinos sin tierra por acceder a un derecho fundamental, promoviendo desarrollo rural sostenible y justicia social en Montel\u00edbano, C\u00f3rdoba.<\/p><\/div><\/div>\n\n\n\n<div class=\"wp-block-uagb-container uagb-block-5bf3f238\">\n<div class=\"wp-block-uagb-container uagb-block-8b947d96\">\n<div class=\"wp-block-uagb-image uagb-block-f831083c wp-block-uagb-image--layout-default wp-block-uagb-image--effect-static wp-block-uagb-image--align-none\"><figure class=\"wp-block-uagb-image__figure\"><img decoding=\"async\" srcset=\"https:\/\/ascumefu.org\/ascumefunew\/wp-content\/uploads\/2025\/05\/corn-plant-on-field-1112080-1024x576.jpeg ,https:\/\/ascumefu.org\/ascumefunew\/wp-content\/uploads\/2025\/05\/corn-plant-on-field-1112080.jpeg 780w, https:\/\/ascumefu.org\/ascumefunew\/wp-content\/uploads\/2025\/05\/corn-plant-on-field-1112080.jpeg 360w\" sizes=\"auto, (max-width: 480px) 150px\" src=\"https:\/\/ascumefu.org\/ascumefunew\/wp-content\/uploads\/2025\/05\/corn-plant-on-field-1112080-1024x576.jpeg\" alt=\"Vibrant cornfield in Beograd, Serbia, showcasing lush growth and suburban background.\" class=\"uag-image-1604\" width=\"550\" height=\"500\" title=\"corn-plant-on-field-1112080\" loading=\"lazy\" role=\"img\"\/><\/figure><\/div>\n<\/div>\n\n\n\n<div class=\"wp-block-uagb-container uagb-block-c465247c\">\n<div class=\"wp-block-uagb-info-box uagb-block-73b22374 uagb-infobox__content-wrap  uagb-infobox-icon-above-title uagb-infobox-image-valign-top\"><div class=\"uagb-ifb-content\"><div class=\"uagb-ifb-title-wrap\"><h3 class=\"uagb-ifb-title\">Producci\u00f3n Sostenible<\/h3><\/div><p class=\"uagb-ifb-desc\">Implementaremos modelos agrosostenibles de ma\u00edz y arroz que protegen el medio ambiente, conservan suelos, protegen fuentes h\u00eddricas y garantizan viabilidad productiva a largo plazo.<\/p><div class=\"uagb-ifb-button-wrapper wp-block-button\"><a href=\"offerings\/\" class=\"uagb-infobox-cta-link wp-block-button__link\" target=\"_self\" rel=\"noopener noreferrer\" onclick=\"return true;\"><span class=\"uagb-inline-editing\">Aprender M\u00e1s<\/span><\/a><\/div><\/div><\/div>\n<\/div>\n<\/div>\n\n\n\n<div class=\"wp-block-uagb-container uagb-block-4dac132f\">\n<div class=\"wp-block-uagb-container uagb-block-44450004\">\n<div class=\"wp-block-uagb-image uagb-block-1fbbd46b wp-block-uagb-image--layout-default wp-block-uagb-image--effect-static wp-block-uagb-image--align-none\"><figure class=\"wp-block-uagb-image__figure\"><img decoding=\"async\" srcset=\"https:\/\/ascumefu.org\/ascumefunew\/wp-content\/uploads\/2025\/10\/WhatsApp-Image-2025-10-18-at-12.09.27-PM-1-1024x1024.jpeg ,https:\/\/ascumefu.org\/ascumefunew\/wp-content\/uploads\/2025\/10\/WhatsApp-Image-2025-10-18-at-12.09.27-PM-1.jpeg 780w, https:\/\/ascumefu.org\/ascumefunew\/wp-content\/uploads\/2025\/10\/WhatsApp-Image-2025-10-18-at-12.09.27-PM-1.jpeg 360w\" sizes=\"auto, (max-width: 480px) 150px\" src=\"https:\/\/ascumefu.org\/ascumefunew\/wp-content\/uploads\/2025\/10\/WhatsApp-Image-2025-10-18-at-12.09.27-PM-1-1024x1024.jpeg\" alt=\"\" class=\"uag-image-1647\" width=\"550\" height=\"500\" title=\"WhatsApp Image 2025-10-18 at 12.09.27 PM (1)\" loading=\"lazy\" role=\"img\"\/><\/figure><\/div>\n<\/div>\n\n\n\n<div class=\"wp-block-uagb-container uagb-block-8b26c666\">\n<div class=\"wp-block-uagb-info-box uagb-block-af69361d uagb-infobox__content-wrap  uagb-infobox-icon-above-title uagb-infobox-image-valign-top\"><div class=\"uagb-ifb-content\"><div class=\"uagb-ifb-title-wrap\"><h3 class=\"uagb-ifb-title\">Impacto Social<\/h3><\/div><p class=\"uagb-ifb-desc\">Buscaremos mejorar la calidad de vida de 132 familias (528 personas directas y 800 indirectas), reduciendo pobreza rural, generando empleo y fortaleciendo el desarrollo territorial de Montel\u00edbano.<\/p><div class=\"uagb-ifb-button-wrapper wp-block-button\"><a href=\"offerings\/\" class=\"uagb-infobox-cta-link wp-block-button__link\" target=\"_self\" rel=\"noopener noreferrer\" onclick=\"return true;\"><span class=\"uagb-inline-editing\">Aprender M\u00e1s<\/span><\/a><\/div><\/div><\/div>\n<\/div>\n<\/div>\n\n\n\n<div class=\"wp-block-uagb-container uagb-block-f7aa1d06\">\n<div class=\"wp-block-uagb-container uagb-block-5147c029\">\n<div class=\"wp-block-uagb-image uagb-block-f1ec3fd4 wp-block-uagb-image--layout-default wp-block-uagb-image--effect-static wp-block-uagb-image--align-none\"><figure class=\"wp-block-uagb-image__figure\"><img decoding=\"async\" srcset=\"https:\/\/ascumefu.org\/ascumefunew\/wp-content\/uploads\/2025\/10\/WhatsApp-Image-2025-10-18-at-12.09.32-PM-2-1024x768.jpeg ,https:\/\/ascumefu.org\/ascumefunew\/wp-content\/uploads\/2025\/10\/WhatsApp-Image-2025-10-18-at-12.09.32-PM-2.jpeg 780w, https:\/\/ascumefu.org\/ascumefunew\/wp-content\/uploads\/2025\/10\/WhatsApp-Image-2025-10-18-at-12.09.32-PM-2.jpeg 360w\" sizes=\"auto, (max-width: 480px) 150px\" src=\"https:\/\/ascumefu.org\/ascumefunew\/wp-content\/uploads\/2025\/10\/WhatsApp-Image-2025-10-18-at-12.09.32-PM-2-1024x768.jpeg\" alt=\"\" class=\"uag-image-1643\" width=\"550\" height=\"500\" title=\"WhatsApp Image 2025-10-18 at 12.09.32 PM (2)\" loading=\"lazy\" role=\"img\"\/><\/figure><\/div>\n<\/div>\n\n\n\n<div class=\"wp-block-uagb-container uagb-block-44a1173c\">\n<div class=\"wp-block-uagb-info-box uagb-block-929e71cd uagb-infobox__content-wrap  uagb-infobox-icon-above-title uagb-infobox-image-valign-top\"><div class=\"uagb-ifb-content\"><div class=\"uagb-ifb-title-wrap\"><h3 class=\"uagb-ifb-title\">Justicia y Derechos<\/h3><\/div><p class=\"uagb-ifb-desc\">Materializaremos el derecho constitucional de campesinos a la tierra (Acto Legislativo 01\/2023), priorizando v\u00edctimas del conflicto y mujeres rurales, cumpliendo con la reforma agraria integral.<\/p><div class=\"uagb-ifb-button-wrapper wp-block-button\"><a href=\"offerings\/\" class=\"uagb-infobox-cta-link wp-block-button__link\" target=\"_self\" rel=\"noopener noreferrer\" onclick=\"return true;\"><span class=\"uagb-inline-editing\">Aprender M\u00e1s<\/span><\/a><\/div><\/div><\/div>\n<\/div>\n<\/div>\n<\/div><\/div>\n\n\n\n<div class=\"wp-block-uagb-container uagb-block-c84325e4 alignfull uagb-is-root-container\"><div class=\"uagb-container-inner-blocks-wrap\">\n<div class=\"wp-block-uagb-info-box uagb-block-d8a09d88 uagb-infobox__content-wrap  uagb-infobox-icon-above-title uagb-infobox-image-valign-top\"><div class=\"uagb-ifb-content\"><div class=\"uagb-ifb-title-wrap\"><h2 class=\"uagb-ifb-title\">Apoya Nuestro Derecho a la Tierra<\/h2><\/div><p class=\"uagb-ifb-desc\">Con tu respaldo institucional, pol\u00edtico o solidario, las 132 familias de ASCUMEFU podremos finalmente acceder a tierra propia y construir un futuro digno para nuestros hijos.<\/p><div class=\"uagb-ifb-button-wrapper wp-block-button\"><a href=\"\/ascumefunew\/contact\/\" class=\"uagb-infobox-cta-link wp-block-button__link\" target=\"_self\" rel=\"noopener noreferrer\" onclick=\"return true;\"><span class=\"uagb-inline-editing\">\u00danete a nosotros<\/span><\/a><\/div><\/div><\/div>\n<\/div><\/div>\n","protected":false},"excerpt":{"rendered":"<p>Acceso a Tierra Buscamos alianza con Entidades del Gobierno para materializar nuestro derecho constitucional a la tierra como campesinos de [&hellip;]<\/p>\n","protected":false},"author":10,"featured_media":0,"parent":0,"menu_order":0,"comment_status":"closed","ping_status":"closed","template":"","meta":{"_uag_custom_page_level_css":"","site-sidebar-layout":"default","site-content-layout":"","ast-site-content-layout":"default","site-content-style":"default","site-sidebar-style":"default","ast-global-header-display":"","ast-banner-title-visibility":"","ast-main-header-display":"","ast-hfb-above-header-display":"","ast-hfb-below-header-display":"","ast-hfb-mobile-header-display":"","site-post-title":"disabled","ast-breadcrumbs-content":"","ast-featured-img":"","footer-sml-layout":"","ast-disable-related-posts":"","theme-transparent-header-meta":"enabled","adv-header-id-meta":"","stick-header-meta":"","header-above-stick-meta":"","header-main-stick-meta":"","header-below-stick-meta":"","astra-migrate-meta-layouts":"set","ast-page-background-enabled":"default","ast-page-background-meta":{"desktop":{"background-color":"var(--ast-global-color-4)","background-image":"","background-repeat":"repeat","background-position":"center center","background-size":"auto","background-attachment":"scroll","background-type":"","background-media":"","overlay-type":"","overlay-color":"","overlay-opacity":"","overlay-gradient":""},"tablet":{"background-color":"","background-image":"","background-repeat":"repeat","background-position":"center center","background-size":"auto","background-attachment":"scroll","background-type":"","background-media":"","overlay-type":"","overlay-color":"","overlay-opacity":"","overlay-gradient":""},"mobile":{"background-color":"","background-image":"","background-repeat":"repeat","background-position":"center center","background-size":"auto","background-attachment":"scroll","background-type":"","background-media":"","overlay-type":"","overlay-color":"","overlay-opacity":"","overlay-gradient":""}},"ast-content-background-meta":{"desktop":{"background-color":"var(--ast-global-color-5)","background-image":"","background-repeat":"repeat","background-position":"center center","background-size":"auto","background-attachment":"scroll","background-type":"","background-media":"","overlay-type":"","overlay-color":"","overlay-opacity":"","overlay-gradient":""},"tablet":{"background-color":"var(--ast-global-color-5)","background-image":"","background-repeat":"repeat","background-position":"center center","background-size":"auto","background-attachment":"scroll","background-type":"","background-media":"","overlay-type":"","overlay-color":"","overlay-opacity":"","overlay-gradient":""},"mobile":{"background-color":"var(--ast-global-color-5)","background-image":"","background-repeat":"repeat","background-position":"center center","background-size":"auto","background-attachment":"scroll","background-type":"","background-media":"","overlay-type":"","overlay-color":"","overlay-opacity":"","overlay-gradient":""}},"footnotes":""},"class_list":["post-8","page","type-page","status-publish","hentry"],"uagb_featured_image_src":{"full":false,"thumbnail":false,"medium":false,"medium_large":false,"large":false,"1536x1536":false,"2048x2048":false},"uagb_author_info":{"display_name":"Olffer Admin","author_link":"https:\/\/ascumefu.org\/ascumefunew\/author\/yfml89dlj4jn\/"},"uagb_comment_info":0,"uagb_excerpt":"Acceso a Tierra Buscamos alianza con Entidades del Gobierno para materializar nuestro derecho constitucional a la tierra como campesinos de [&hellip;]","_links":{"self":[{"href":"https:\/\/ascumefu.org\/ascumefunew\/wp-json\/wp\/v2\/pages\/8","targetHints":{"allow":["GET"]}}],"collection":[{"href":"https:\/\/ascumefu.org\/ascumefunew\/wp-json\/wp\/v2\/pages"}],"about":[{"href":"https:\/\/ascumefu.org\/ascumefunew\/wp-json\/wp\/v2\/types\/page"}],"author":[{"embeddable":true,"href":"https:\/\/ascumefu.org\/ascumefunew\/wp-json\/wp\/v2\/users\/10"}],"replies":[{"embeddable":true,"href":"https:\/\/ascumefu.org\/ascumefunew\/wp-json\/wp\/v2\/comments?post=8"}],"version-history":[{"count":6,"href":"https:\/\/ascumefu.org\/ascumefunew\/wp-json\/wp\/v2\/pages\/8\/revisions"}],"predecessor-version":[{"id":1709,"href":"https:\/\/ascumefu.org\/ascumefunew\/wp-json\/wp\/v2\/pages\/8\/revisions\/1709"}],"wp:attachment":[{"href":"https:\/\/ascumefu.org\/ascumefunew\/wp-json\/wp\/v2\/media?parent=8"}],"curies":[{"name":"wp","href":"https:\/\/api.w.org\/{rel}","templated":true}]}}